{"id":7079,"date":"2013-05-31T11:56:39","date_gmt":"2013-05-31T11:56:39","guid":{"rendered":"http:\/\/impreza.us-themes.net\/pages\/contact\/"},"modified":"2023-11-17T17:10:46","modified_gmt":"2023-11-17T15:10:46","slug":"contact-2","status":"publish","type":"page","link":"https:\/\/dissinfo.com\/ca\/pages\/contact-2\/","title":{"rendered":"Contact"},"content":{"rendered":"<section class=\"l-section wpb_row height_medium\"><div class=\"l-section-h i-cf\"><div class=\"g-cols vc_row via_flex valign_top type_default stacking_default\" style=\"--additional-gap:10px;\"><div class=\"vc_col-sm-4 wpb_column vc_column_container\"><div class=\"vc_column-inner\"><div class=\"wpb_wrapper\"><div class=\"wpb_text_column\"><div class=\"wpb_wrapper\"><div class=\"oSioSc\">\n<div id=\"tw-target\">\n<div id=\"kAz1tf\" class=\"g9WsWb\">\n<div id=\"tw-target-text-container\" class=\"tw-ta-container tw-nfl\">\n<div class=\"QmZWSe\">\n<h3 class=\"DHcWmd\">Vincles Socials<\/h3>\n<\/div>\n<\/div>\n<\/div>\n<\/div>\n<\/div>\n<\/div><\/div><div class=\"w-separator size_small\"><\/div><div class=\"w-socials us_custom_c96a8a09 color_brand shape_rounded style_solid hover_fade\" style=\"--gap:0.1em;\"><div class=\"w-socials-list\"><div class=\"w-socials-item facebook\"><a target=\"_blank\" rel=\"nofollow\" href=\"#\" class=\"w-socials-item-link\" aria-label=\"Facebook\"><span class=\"w-socials-item-link-hover\"><\/span><i class=\"fab fa-facebook\"><\/i><\/a><div class=\"w-socials-item-popup\"><span>Facebook<\/span><\/div><\/div><div class=\"w-socials-item twitter\"><a target=\"_blank\" rel=\"nofollow\" href=\"#\" class=\"w-socials-item-link\" aria-label=\"X\"><span class=\"w-socials-item-link-hover\"><\/span><i class=\"fab fa-x-twitter\"><svg style=\"width:1em; margin-bottom:-.1em;\" xmlns=\"http:\/\/www.w3.org\/2000\/svg\" viewBox=\"0 0 512 512\" role=\"presentation\"><path fill=\"currentColor\" d=\"M389.2 48h70.6L305.6 224.2 487 464H345L233.7 318.6 106.5 464H35.8L200.7 275.5 26.8 48H172.4L272.9 180.9 389.2 48zM364.4 421.8h39.1L151.1 88h-42L364.4 421.8z\"\/><\/svg><\/i><\/a><div class=\"w-socials-item-popup\"><span>X<\/span><\/div><\/div><div class=\"w-socials-item instagram\"><a target=\"_blank\" rel=\"nofollow\" href=\"#\" class=\"w-socials-item-link\" aria-label=\"Instagram\"><span class=\"w-socials-item-link-hover\"><\/span><i class=\"fab fa-instagram\"><\/i><\/a><div class=\"w-socials-item-popup\"><span>Instagram<\/span><\/div><\/div><div class=\"w-socials-item linkedin\"><a target=\"_blank\" rel=\"nofollow\" href=\"#\" class=\"w-socials-item-link\" aria-label=\"LinkedIn\"><span class=\"w-socials-item-link-hover\"><\/span><i class=\"fab fa-linkedin\"><\/i><\/a><div class=\"w-socials-item-popup\"><span>LinkedIn<\/span><\/div><\/div><\/div><\/div><div class=\"w-separator size_medium\"><\/div><div class=\"wpb_text_column\"><div class=\"wpb_wrapper\"><div class=\"QmZWSe\">\n<h3 class=\"DHcWmd\">Dades de Contacte<\/h3>\n<\/div>\n<\/div><\/div><div class=\"w-separator size_small\"><\/div><div class=\"w-iconbox iconpos_left style_circle color_primary align_left no_text\"><div class=\"w-iconbox-icon\" style=\"font-size:22px;\"><i class=\"far fa-map-marker-alt\"><\/i><\/div><div class=\"w-iconbox-meta\"><div class=\"w-iconbox-title\">Carrer C\u00f2rsega, Barcelona 08037<\/div><\/div><\/div><div class=\"w-separator size_small\"><\/div><div class=\"w-iconbox iconpos_left style_circle color_primary align_left no_text\"><div class=\"w-iconbox-icon\" style=\"font-size:22px;\"><i class=\"far fa-phone\"><\/i><\/div><div class=\"w-iconbox-meta\"><div class=\"w-iconbox-title\">+34 637 77 18 02<\/div><\/div><\/div><div class=\"w-separator size_small\"><\/div><div class=\"w-iconbox iconpos_left style_circle color_primary align_left no_text\"><a href=\"mailto:info@dissinfo.com\" class=\"w-iconbox-link\" aria-label=\"info@dissinfo.com\"><div class=\"w-iconbox-icon\" style=\"font-size:22px;\"><i class=\"far fa-envelope\"><\/i><\/div><\/a><div class=\"w-iconbox-meta\"><div class=\"w-iconbox-title\"><a href=\"mailto:info@dissinfo.com\" class=\"w-iconbox-link\" aria-label=\"info@dissinfo.com\">info@dissinfo.com<\/a><\/div><\/div><\/div><\/div><\/div><\/div><div class=\"vc_col-sm-8 wpb_column vc_column_container\"><div class=\"vc_column-inner\"><div class=\"wpb_wrapper\"><div class=\"wpb_text_column\"><div class=\"wpb_wrapper\"><div id=\"tw-target-text-container\" class=\"tw-ta-container tw-nfl\">\n<p>Posa&#8217;t en contacte amb nosaltres :<\/p>\n<\/div>\n<\/div><\/div><div class=\"w-separator size_small\"><\/div><form class=\"w-form  us-field-style_1 layout_ver show_message_after_sending for_cform us_form_1\" action=\"https:\/\/dissinfo.com\/ca\/ca\/wp-json\/wp\/v2\/pages\/7079\" method=\"post\"><div class=\"w-form-h\"><div class=\"w-form-row for_text has_label\">\r\n\t\t\t<div class=\"w-form-row-label\">\r\n\t\t\t<span>El teu Nom<\/span>\r\n\t\t<\/div>\r\n\t\t<div class=\"w-form-row-field\">\r\n\t\t\t\t\t\t<input aria-label=\"El teu Nom\" type=\"text\" name=\"us_form_1_text_1\" value placeholder=\"Encantat de con\u00e8ixer\"\/>\r\n\t\t\t<\/div>\r\n\t\t<div class=\"w-form-row-state\">Fill out this field<\/div>\r\n<\/div>\r\n<div class=\"w-form-row for_email has_label required\">\r\n\t\t\t<div class=\"w-form-row-label\">\r\n\t\t\t<span>Email *<\/span>\r\n\t\t<\/div>\r\n\t\t<div class=\"w-form-row-field\">\r\n\t\t\t\t\t\t<input aria-label=\"Email\" type=\"email\" name=\"us_form_1_email_1\" value placeholder=\"Li respondrem\" data-required=\"true\" aria-required=\"true\"\/>\r\n\t\t\t<\/div>\r\n\t\t<div class=\"w-form-row-state\">Introdu\u00efu una adre\u00e7a electr\u00f2nica v\u00e0lida.<\/div>\r\n<\/div>\r\n<div class=\"w-form-row for_textarea has_label required\">\r\n\t\t\t<div class=\"w-form-row-label\">\r\n\t\t\t<span>Missatge *<\/span>\r\n\t\t<\/div>\r\n\t\t<div class=\"w-form-row-field\">\r\n\t\t\t\t\t\t<textarea aria-label=\"Missatge\" name=\"us_form_1_textarea_1\" placeholder=\"Escriure alguna cosa\" data-required=\"true\" aria-required=\"true\"><\/textarea>\r\n\t\t\t<\/div>\r\n\t\t<div class=\"w-form-row-state\">Fill out this field<\/div>\r\n<\/div>\r\n<div class=\"w-form-row for_captcha required\">\r\n\t<div class=\"w-form-row-label\">\r\n\t\t<span> <span>21 - 6 = ?<\/span><\/span>\r\n\t<\/div>\r\n\t<div class=\"w-form-row-field\">\r\n\t\t\t\t<input type=\"hidden\" name=\"us_form_1_captcha_1_hash\" value=\"a27dd9e87a1364749d9c90771574d3d4\" \/>\r\n\t\t\t\t<input aria-label=\"us_form_1_captcha_1\" type=\"text\" name=\"us_form_1_captcha_1\" placeholder data-required=\"true\" aria-required=\"true\"\/>\r\n\t\t\t<\/div>\r\n\t\t<div class=\"w-form-row-state\">Enter the equation result to proceed<\/div>\r\n<\/div>\r\n<input type=\"hidden\" name=\"action\" value=\"us_ajax_cform\" \/>\r\n<input type=\"hidden\" name=\"post_id\" value=\"0\" \/>\r\n<input type=\"hidden\" name=\"form_index\" value=\"1\" \/>\r\n<div class=\"w-form-row for_submit align_none\"><button class=\"w-btn us-btn-style_1\" type=\"submit\" aria-label=\"Send Message\"><span class=\"g-preloader type_1\"><\/span><span class=\"w-btn-label\">Send Message<\/span><\/button><\/div><\/div><div class=\"w-form-message\"><\/div><div class=\"w-form-json hidden\" onclick='return {&quot;ajaxurl&quot;:&quot;https:\\\/\\\/dissinfo.com\\\/wp-admin\\\/admin-ajax.php&quot;,&quot;messages&quot;:{&quot;err_empty&quot;:&quot;Fill out this field&quot;,&quot;err_size&quot;:&quot;File size cannot exceed %s MB&quot;,&quot;err_extension&quot;:&quot;%s file type is not allowed&quot;,&quot;err_recaptcha_keys&quot;:&quot;reCAPTCHA keys are incorrect&quot;}}'><\/div><\/form><\/div><\/div><\/div><\/div><\/div><\/section>\n","protected":false},"excerpt":{"rendered":"Vincles Socials FacebookXInstagramLinkedIn Dades de Contacte Carrer C\u00f2rsega, Barcelona 08037+34 637 77 18 02info@dissinfo.com Posa&#8217;t en contacte amb nosaltres : El teu Nom Fill out this field Email * Introdu\u00efu una adre\u00e7a electr\u00f2nica v\u00e0lida. Missatge * Fill out this field 26 - 12 = ? Enter the equation result to proceed Send Message","protected":false},"author":1,"featured_media":0,"parent":1106,"menu_order":0,"comment_status":"closed","ping_status":"closed","template":"","meta":{"footnotes":""},"class_list":["post-7079","page","type-page","status-publish","hentry"],"yoast_head":"<!-- This site is optimized with the Yoast SEO plugin v27.5 - https:\/\/yoast.com\/product\/yoast-seo-wordpress\/ -->\r\n<title>Contact - dissinfo<\/title>\r\n<meta name=\"robots\" content=\"index, follow, max-snippet:-1, max-image-preview:large, max-video-preview:-1\" \/>\r\n<link rel=\"canonical\" href=\"https:\/\/dissinfo.com\/ca\/pages\/contact-2\/\" \/>\r\n<meta property=\"og:locale\" content=\"ca_ES\" \/>\r\n<meta property=\"og:type\" content=\"article\" \/>\r\n<meta property=\"og:title\" content=\"Contact - dissinfo\" \/>\r\n<meta property=\"og:url\" content=\"https:\/\/dissinfo.com\/ca\/pages\/contact-2\/\" \/>\r\n<meta property=\"og:site_name\" content=\"dissinfo\" \/>\r\n<meta property=\"article:publisher\" content=\"https:\/\/www.facebook.com\/dissinfo.cat\/\" \/>\r\n<meta property=\"article:modified_time\" content=\"2023-11-17T15:10:46+00:00\" \/>\r\n<meta name=\"twitter:card\" content=\"summary_large_image\" \/>\r\n<meta name=\"twitter:site\" content=\"@dissinfo\" \/>\r\n<meta name=\"twitter:label1\" content=\"Temps estimat de lectura\" \/>\n\t<meta name=\"twitter:data1\" content=\"1 minut\" \/>\r\n<script type=\"application\/ld+json\" class=\"yoast-schema-graph\">{\"@context\":\"https:\\\/\\\/schema.org\",\"@graph\":[{\"@type\":\"WebPage\",\"@id\":\"https:\\\/\\\/dissinfo.com\\\/pages\\\/contact-2\\\/\",\"url\":\"https:\\\/\\\/dissinfo.com\\\/pages\\\/contact-2\\\/\",\"name\":\"Contact - dissinfo\",\"isPartOf\":{\"@id\":\"https:\\\/\\\/dissinfo.com\\\/#website\"},\"datePublished\":\"2013-05-31T11:56:39+00:00\",\"dateModified\":\"2023-11-17T15:10:46+00:00\",\"breadcrumb\":{\"@id\":\"https:\\\/\\\/dissinfo.com\\\/pages\\\/contact-2\\\/#breadcrumb\"},\"inLanguage\":\"ca\",\"potentialAction\":[{\"@type\":\"ReadAction\",\"target\":[\"https:\\\/\\\/dissinfo.com\\\/pages\\\/contact-2\\\/\"]}]},{\"@type\":\"BreadcrumbList\",\"@id\":\"https:\\\/\\\/dissinfo.com\\\/pages\\\/contact-2\\\/#breadcrumb\",\"itemListElement\":[{\"@type\":\"ListItem\",\"position\":1,\"name\":\"Inici\",\"item\":\"https:\\\/\\\/dissinfo.com\\\/\"},{\"@type\":\"ListItem\",\"position\":2,\"name\":\"Pages\",\"item\":\"https:\\\/\\\/dissinfo.com\\\/pages\\\/\"},{\"@type\":\"ListItem\",\"position\":3,\"name\":\"Contact\"}]},{\"@type\":\"WebSite\",\"@id\":\"https:\\\/\\\/dissinfo.com\\\/#website\",\"url\":\"https:\\\/\\\/dissinfo.com\\\/\",\"name\":\"dissinfo\",\"description\":\"Serveis Inform\u00e0tics Integrals\",\"publisher\":{\"@id\":\"https:\\\/\\\/dissinfo.com\\\/#organization\"},\"potentialAction\":[{\"@type\":\"SearchAction\",\"target\":{\"@type\":\"EntryPoint\",\"urlTemplate\":\"https:\\\/\\\/dissinfo.com\\\/?s={search_term_string}\"},\"query-input\":{\"@type\":\"PropertyValueSpecification\",\"valueRequired\":true,\"valueName\":\"search_term_string\"}}],\"inLanguage\":\"ca\"},{\"@type\":\"Organization\",\"@id\":\"https:\\\/\\\/dissinfo.com\\\/#organization\",\"name\":\"dissinfo\",\"url\":\"https:\\\/\\\/dissinfo.com\\\/\",\"logo\":{\"@type\":\"ImageObject\",\"inLanguage\":\"ca\",\"@id\":\"https:\\\/\\\/dissinfo.com\\\/#\\\/schema\\\/logo\\\/image\\\/\",\"url\":\"https:\\\/\\\/dissinfo.com\\\/wp-content\\\/uploads\\\/2019\\\/10\\\/real-Logo.bmp\",\"contentUrl\":\"https:\\\/\\\/dissinfo.com\\\/wp-content\\\/uploads\\\/2019\\\/10\\\/real-Logo.bmp\",\"width\":339,\"height\":339,\"caption\":\"dissinfo\"},\"image\":{\"@id\":\"https:\\\/\\\/dissinfo.com\\\/#\\\/schema\\\/logo\\\/image\\\/\"},\"sameAs\":[\"https:\\\/\\\/www.facebook.com\\\/dissinfo.cat\\\/\",\"https:\\\/\\\/x.com\\\/dissinfo\"]}]}<\/script>\r\n<!-- \/ Yoast SEO plugin. -->","yoast_head_json":{"title":"Contact - dissinfo","robots":{"index":"index","follow":"follow","max-snippet":"max-snippet:-1","max-image-preview":"max-image-preview:large","max-video-preview":"max-video-preview:-1"},"canonical":"https:\/\/dissinfo.com\/ca\/pages\/contact-2\/","og_locale":"ca_ES","og_type":"article","og_title":"Contact - dissinfo","og_url":"https:\/\/dissinfo.com\/ca\/pages\/contact-2\/","og_site_name":"dissinfo","article_publisher":"https:\/\/www.facebook.com\/dissinfo.cat\/","article_modified_time":"2023-11-17T15:10:46+00:00","twitter_card":"summary_large_image","twitter_site":"@dissinfo","twitter_misc":{"Temps estimat de lectura":"1 minut"},"schema":{"@context":"https:\/\/schema.org","@graph":[{"@type":"WebPage","@id":"https:\/\/dissinfo.com\/pages\/contact-2\/","url":"https:\/\/dissinfo.com\/pages\/contact-2\/","name":"Contact - dissinfo","isPartOf":{"@id":"https:\/\/dissinfo.com\/#website"},"datePublished":"2013-05-31T11:56:39+00:00","dateModified":"2023-11-17T15:10:46+00:00","breadcrumb":{"@id":"https:\/\/dissinfo.com\/pages\/contact-2\/#breadcrumb"},"inLanguage":"ca","potentialAction":[{"@type":"ReadAction","target":["https:\/\/dissinfo.com\/pages\/contact-2\/"]}]},{"@type":"BreadcrumbList","@id":"https:\/\/dissinfo.com\/pages\/contact-2\/#breadcrumb","itemListElement":[{"@type":"ListItem","position":1,"name":"Inici","item":"https:\/\/dissinfo.com\/"},{"@type":"ListItem","position":2,"name":"Pages","item":"https:\/\/dissinfo.com\/pages\/"},{"@type":"ListItem","position":3,"name":"Contact"}]},{"@type":"WebSite","@id":"https:\/\/dissinfo.com\/#website","url":"https:\/\/dissinfo.com\/","name":"dissinfo","description":"Serveis Inform\u00e0tics Integrals","publisher":{"@id":"https:\/\/dissinfo.com\/#organization"},"potentialAction":[{"@type":"SearchAction","target":{"@type":"EntryPoint","urlTemplate":"https:\/\/dissinfo.com\/?s={search_term_string}"},"query-input":{"@type":"PropertyValueSpecification","valueRequired":true,"valueName":"search_term_string"}}],"inLanguage":"ca"},{"@type":"Organization","@id":"https:\/\/dissinfo.com\/#organization","name":"dissinfo","url":"https:\/\/dissinfo.com\/","logo":{"@type":"ImageObject","inLanguage":"ca","@id":"https:\/\/dissinfo.com\/#\/schema\/logo\/image\/","url":"https:\/\/dissinfo.com\/wp-content\/uploads\/2019\/10\/real-Logo.bmp","contentUrl":"https:\/\/dissinfo.com\/wp-content\/uploads\/2019\/10\/real-Logo.bmp","width":339,"height":339,"caption":"dissinfo"},"image":{"@id":"https:\/\/dissinfo.com\/#\/schema\/logo\/image\/"},"sameAs":["https:\/\/www.facebook.com\/dissinfo.cat\/","https:\/\/x.com\/dissinfo"]}]}},"_links":{"self":[{"href":"https:\/\/dissinfo.com\/ca\/wp-json\/wp\/v2\/pages\/7079","targetHints":{"allow":["GET"]}}],"collection":[{"href":"https:\/\/dissinfo.com\/ca\/wp-json\/wp\/v2\/pages"}],"about":[{"href":"https:\/\/dissinfo.com\/ca\/wp-json\/wp\/v2\/types\/page"}],"author":[{"embeddable":true,"href":"https:\/\/dissinfo.com\/ca\/wp-json\/wp\/v2\/users\/1"}],"replies":[{"embeddable":true,"href":"https:\/\/dissinfo.com\/ca\/wp-json\/wp\/v2\/comments?post=7079"}],"version-history":[{"count":11,"href":"https:\/\/dissinfo.com\/ca\/wp-json\/wp\/v2\/pages\/7079\/revisions"}],"predecessor-version":[{"id":7660,"href":"https:\/\/dissinfo.com\/ca\/wp-json\/wp\/v2\/pages\/7079\/revisions\/7660"}],"up":[{"embeddable":true,"href":"https:\/\/dissinfo.com\/ca\/wp-json\/wp\/v2\/pages\/1106"}],"wp:attachment":[{"href":"https:\/\/dissinfo.com\/ca\/wp-json\/wp\/v2\/media?parent=7079"}],"curies":[{"name":"wp","href":"https:\/\/api.w.org\/{rel}","templated":true}]}}