{"id":6635,"date":"2019-05-10T14:40:15","date_gmt":"2019-05-10T14:40:15","guid":{"rendered":"http:\/\/impreza.us-themes.com\/?page_id=6635"},"modified":"2023-09-25T07:41:42","modified_gmt":"2023-09-25T07:41:42","slug":"home","status":"publish","type":"page","link":"https:\/\/dissinfo.com\/en\/","title":{"rendered":"Inici"},"content":{"rendered":"<section class=\"l-section wpb_row height_medium color_primary with_shape\"><div class=\"l-section-shape type_zigzag pos_bottom\" style=\"height:15vmin;\"><svg xmlns=\"http:\/\/www.w3.org\/2000\/svg\" viewbox=\"0 0 64 8\" preserveaspectratio=\"none\" width=\"100%\" height=\"100%\">\r\n\t<path fill=\"currentColor\" d=\"M64 8 L0 8 L0 0 L20 7.9 L40 3 L48 5 L64 0 Z\"\/>\r\n<\/svg><\/div><div class=\"l-section-h i-cf\"><div class=\"g-cols vc_row via_flex valign_top type_default stacking_default\"><div class=\"vc_col-sm-12 wpb_column vc_column_container\"><div class=\"vc_column-inner\"><div class=\"wpb_wrapper\"><h1 class=\"w-itext us_custom_04688b4b type_zoomInChars align_center\" style=\"--itext-transition-duration:0.0125s;--itext-timing-function:cubic-bezier(.86,0,.07,1);\" onclick='return {&quot;duration&quot;:12.5,&quot;delay&quot;:3000}'><span class=\"w-itext-part\"><span class=\"w-itext-state state-0 is-active\">dissinfo<\/span><span class=\"w-itext-state state-1\">Serveis integrals inform&agrave;tics<\/span><span class=\"w-itext-state state-2\">venda de Hardware<\/span><span class=\"w-itext-state state-3\">venda de Software<\/span><span class=\"w-itext-state state-4\">Xarxes i Cablejat estructurat<\/span><span class=\"w-itext-state state-5\">Comunicacions<\/span><\/span>.<\/h1><div class=\"w-separator size_small\"><\/div><div class=\"w-btn-wrapper align_center\"><a class=\"w-btn us-btn-style_4\" href=\"#features\"><span class=\"w-btn-label\">visualitzar totes les opcions<\/span><\/a><\/div><div class=\"w-separator size_custom\" style=\"height:12vh\"><\/div><\/div><\/div><\/div><\/div><\/div><\/section><section class=\"l-section wpb_row height_medium\" id=\"features\"><div class=\"l-section-h i-cf\"><div class=\"g-cols vc_row via_flex valign_top type_default stacking_default\"><div class=\"vc_col-sm-3 vc_col-md-3 wpb_column vc_column_container\"><div class=\"vc_column-inner\"><div class=\"wpb_wrapper\"><div class=\"w-iconbox iconpos_top style_default color_primary align_left\"><a href=\"#first\" class=\"w-iconbox-link\" aria-label=\"Servei a la Empresa\"><div class=\"w-iconbox-icon\" style=\"font-size:3.3rem;\"><i class=\"fal fa-fal fa-computer-classic\"><\/i><\/div><\/a><div class=\"w-iconbox-meta\"><h4 class=\"w-iconbox-title\"><a href=\"#first\" class=\"w-iconbox-link\" aria-label=\"Servei a la Empresa\">Servei a la Empresa<\/a><\/h4><div class=\"w-iconbox-text\"><p>Serveis inform\u00e0tics integrals per a empreses.<\/p>\n<\/div><\/div><\/div><\/div><\/div><\/div><div class=\"vc_col-sm-3 vc_col-md-3 wpb_column vc_column_container\"><div class=\"vc_column-inner\"><div class=\"wpb_wrapper\"><div class=\"w-iconbox iconpos_top style_default color_primary align_left\"><a href=\"#second\" class=\"w-iconbox-link\" aria-label=\"Servei T\u00e8cnic\"><div class=\"w-iconbox-icon\" style=\"font-size:3.3rem;\"><i class=\"fal fa-fal fa-desktop\"><\/i><\/div><\/a><div class=\"w-iconbox-meta\"><h4 class=\"w-iconbox-title\"><a href=\"#second\" class=\"w-iconbox-link\" aria-label=\"Servei T\u00e8cnic\">Servei T\u00e8cnic<\/a><\/h4><div class=\"w-iconbox-text\"><p>Suport inform\u00e0tic, ja sigui presencial com remot.<\/p>\n<\/div><\/div><\/div><\/div><\/div><\/div><div class=\"vc_col-sm-3 vc_col-md-3 wpb_column vc_column_container\"><div class=\"vc_column-inner\"><div class=\"wpb_wrapper\"><div class=\"w-iconbox iconpos_top style_default color_primary align_left\"><a href=\"#third\" class=\"w-iconbox-link\" aria-label=\"Venda de Hardware i Software\"><div class=\"w-iconbox-icon\" style=\"font-size:3.3rem;\"><i class=\"fal fa-fal fa-memory\"><\/i><\/div><\/a><div class=\"w-iconbox-meta\"><h4 class=\"w-iconbox-title\"><a href=\"#third\" class=\"w-iconbox-link\" aria-label=\"Venda de Hardware i Software\">Venda de Hardware i Software<\/a><\/h4><div class=\"w-iconbox-text\"><p>Pressupost de components i Ordinadors a mida segons necesitat del client.<\/p>\n<\/div><\/div><\/div><\/div><\/div><\/div><div class=\"vc_col-sm-3 vc_col-md-3 wpb_column vc_column_container\"><div class=\"vc_column-inner\"><div class=\"wpb_wrapper\"><div class=\"w-iconbox iconpos_top style_default color_primary align_left\"><a href=\"#fourth\" class=\"w-iconbox-link\" aria-label=\"Xarxes Inform\u00e1tiques i comunicacions\"><div class=\"w-iconbox-icon\" style=\"font-size:3.3rem;\"><i class=\"fal fa-fal fa-server\"><\/i><\/div><\/a><div class=\"w-iconbox-meta\"><h4 class=\"w-iconbox-title\"><a href=\"#fourth\" class=\"w-iconbox-link\" aria-label=\"Xarxes Inform\u00e1tiques i comunicacions\">Xarxes Inform\u00e1tiques i comunicacions<\/a><\/h4><div class=\"w-iconbox-text\"><p>Pressupost i creaci\u00f3 de Xarxes inform\u00e1tiques segons necesitats del client.<\/p>\n<\/div><\/div><\/div><\/div><\/div><\/div><\/div><\/div><\/section><section class=\"l-section wpb_row height_auto\" id=\"third\"><div class=\"l-section-h i-cf\"><div class=\"g-cols vc_row via_flex valign_top type_default stacking_default\"><div class=\"vc_col-sm-12 wpb_column vc_column_container\"><div class=\"vc_column-inner\"><div class=\"wpb_wrapper\"><div class=\"wpb_text_column\"><div class=\"wpb_wrapper\"><h2 style=\"text-align: center;\">Tot el que fem<\/h2>\n<\/div><\/div><div class=\"w-separator size_large\"><\/div><div class=\"g-cols wpb_row via_flex valign_top type_default stacking_default\"><div class=\"vc_col-sm-4 wpb_column vc_column_container\"><div class=\"vc_column-inner\"><div class=\"wpb_wrapper\"><div class=\"w-iconbox iconpos_left style_default color_primary align_left\"><div class=\"w-iconbox-icon\" style=\"font-size:2rem;\"><i class=\"far fa-fal fa-desktop-alt\"><\/i><\/div><div class=\"w-iconbox-meta\"><h4 class=\"w-iconbox-title\">Problemes amb el teu ordinador?<\/h4><div class=\"w-iconbox-text\"><p>El revisarem, et donarem un pressupost i l&#8217;arreglarem<\/p>\n<\/div><\/div><\/div><\/div><\/div><\/div><div class=\"vc_col-sm-4 wpb_column vc_column_container\"><div class=\"vc_column-inner\"><div class=\"wpb_wrapper\"><div class=\"w-iconbox iconpos_left style_default color_primary align_left\"><div class=\"w-iconbox-icon\" style=\"font-size:2rem;\"><i class=\"far fa-network-wired\"><\/i><\/div><div class=\"w-iconbox-meta\"><h4 class=\"w-iconbox-title\">Vols possar els ordinadors amb Xarxa i\/o Internet?<\/h4><div class=\"w-iconbox-text\"><p>No et preocupis, vindrem, analitzarem el teu espai i tu pressupustarem i si et sembla b\u00e9 ho farem.<\/p>\n<\/div><\/div><\/div><\/div><\/div><\/div><div class=\"vc_col-sm-4 wpb_column vc_column_container\"><div class=\"vc_column-inner\"><div class=\"wpb_wrapper\"><div class=\"w-iconbox iconpos_left style_default color_primary align_left\"><div class=\"w-iconbox-icon\" style=\"font-size:2rem;\"><i class=\"far fa-laptop-code\"><\/i><\/div><div class=\"w-iconbox-meta\"><h4 class=\"w-iconbox-title\">El Windows, Linux, Mac OS, android et dona Problemes?<\/h4><div class=\"w-iconbox-text\"><p>Ens connectarem remotament o b\u00e9 vindrem i et solucionarem el problema.<\/p>\n<\/div><\/div><\/div><\/div><\/div><\/div><\/div><div class=\"w-separator size_medium\"><\/div><div class=\"g-cols wpb_row via_flex valign_top type_default stacking_default\"><div class=\"vc_col-sm-4 wpb_column vc_column_container\"><div class=\"vc_column-inner\"><div class=\"wpb_wrapper\"><div class=\"w-iconbox iconpos_left style_default color_primary align_left\"><div class=\"w-iconbox-icon\" style=\"font-size:2rem;\"><i class=\"far fa-snake\"><\/i><\/div><div class=\"w-iconbox-meta\"><h4 class=\"w-iconbox-title\">Tens un Virus, Malware o Troia?<\/h4><div class=\"w-iconbox-text\"><p>Ens connectarem o b\u00e9 vindrem depenent de la dificultat del mateix i et netejarem l&#8217;ordinador.<\/p>\n<\/div><\/div><\/div><\/div><\/div><\/div><div class=\"vc_col-sm-4 wpb_column vc_column_container\"><div class=\"vc_column-inner\"><div class=\"wpb_wrapper\"><div class=\"w-iconbox iconpos_left style_default color_primary align_left\"><div class=\"w-iconbox-icon\" style=\"font-size:2rem;\"><i class=\"far fa-computer-classic\"><\/i><\/div><div class=\"w-iconbox-meta\"><h4 class=\"w-iconbox-title\">Tens un ordinador vell i et va lent?<\/h4><div class=\"w-iconbox-text\"><p>Et podem fer un pl\u00e0 renove del mateix o b\u00e9 si \u00e9s massa antic un pressupost d&#8217;ordinador nou a mida.<\/p>\n<\/div><\/div><\/div><\/div><\/div><\/div><div class=\"vc_col-sm-4 wpb_column vc_column_container\"><div class=\"vc_column-inner\"><div class=\"wpb_wrapper\"><div class=\"w-iconbox iconpos_left style_default color_primary align_left\"><div class=\"w-iconbox-icon\" style=\"font-size:2rem;\"><i class=\"far fa-atlas\"><\/i><\/div><div class=\"w-iconbox-meta\"><h4 class=\"w-iconbox-title\">Problemes amb el teu servidor de correu o web?<\/h4><div class=\"w-iconbox-text\"><p>Nosaltres et podem donar servei de Hospedatge de web i correu.<\/p>\n<\/div><\/div><\/div><\/div><\/div><\/div><\/div><div class=\"w-separator size_medium\"><\/div><div class=\"g-cols wpb_row via_flex valign_top type_default stacking_default\"><div class=\"vc_col-sm-4 wpb_column vc_column_container\"><div class=\"vc_column-inner\"><div class=\"wpb_wrapper\"><div class=\"w-iconbox iconpos_left style_default color_primary align_left\"><div class=\"w-iconbox-icon\" style=\"font-size:2rem;\"><i class=\"far fa-at\"><\/i><\/div><div class=\"w-iconbox-meta\"><h4 class=\"w-iconbox-title\">Necesites una Web o Blog?<\/h4><div class=\"w-iconbox-text\"><p>No et preocupis diguens les teves necesitats i la farem a mida.<\/p>\n<\/div><\/div><\/div><\/div><\/div><\/div><div class=\"vc_col-sm-4 wpb_column vc_column_container\"><div class=\"vc_column-inner\"><div class=\"wpb_wrapper\"><div class=\"w-iconbox iconpos_left style_default color_primary align_left\"><div class=\"w-iconbox-icon\" style=\"font-size:2rem;\"><i class=\"far fa-at\"><\/i><\/div><div class=\"w-iconbox-meta\"><h4 class=\"w-iconbox-title\">La teva web et va lenta?<\/h4><div class=\"w-iconbox-text\"><p>Podem analitzar el problema i si vols solucionar perque vagi com te que anar.<\/p>\n<\/div><\/div><\/div><\/div><\/div><\/div><div class=\"vc_col-sm-4 wpb_column vc_column_container\"><div class=\"vc_column-inner\"><div class=\"wpb_wrapper\"><div class=\"w-iconbox iconpos_left style_default color_primary align_left\"><div class=\"w-iconbox-icon\" style=\"font-size:2rem;\"><i class=\"far fa-signal-alt\"><\/i><\/div><div class=\"w-iconbox-meta\"><h4 class=\"w-iconbox-title\">La Wifi no et va b\u00e9 o b\u00e9 la vols instal.lar?<\/h4><div class=\"w-iconbox-text\"><p>Vindrem a mirar la casa o b\u00e9 el local i et donarem la millor soluci\u00f3 o reconfigurarem la mateixa per el seu optim funcionament.<\/p>\n<\/div><\/div><\/div><\/div><\/div><\/div><\/div><div class=\"g-cols wpb_row via_flex valign_top type_default stacking_default\"><div class=\"vc_col-sm-4 wpb_column vc_column_container\"><div class=\"vc_column-inner\"><div class=\"wpb_wrapper\"><div class=\"w-iconbox iconpos_left style_default color_primary align_left\"><div class=\"w-iconbox-icon\" style=\"font-size:2rem;\"><i class=\"far fa-lightbulb-exclamation\"><\/i><\/div><div class=\"w-iconbox-meta\"><h4 class=\"w-iconbox-title\">I Moltes coses m\u00e9s!<\/h4><div class=\"w-iconbox-text\"><p>Possa imaginaci\u00f3 en la teva necesitat i intentarem complir els teus somnis..<\/p>\n<\/div><\/div><\/div><\/div><\/div><\/div><\/div><div class=\"w-separator size_large\"><\/div><\/div><\/div><\/div><\/div><\/div><\/section>","protected":false},"excerpt":{"rendered":"dissinfoServeis integrals inform&agrave;ticsvenda de Hardwarevenda de SoftwareXarxes i Cablejat estructuratComunicacions.visualitzar totes les opcionsServei a la EmpresaServeis inform\u00e0tics integrals per a empreses. Servei T\u00e8cnicSuport inform\u00e0tic, ja sigui presencial com remot. Venda de Hardware i SoftwarePressupost de components i Ordinadors a mida segons necesitat del client. Xarxes Inform\u00e1tiques i comunicacionsPressupost i creaci\u00f3 de Xarxes inform\u00e1tiques segons necesitats...","protected":false},"author":1,"featured_media":0,"parent":0,"menu_order":0,"comment_status":"closed","ping_status":"closed","template":"","meta":{"footnotes":""},"class_list":["post-6635","page","type-page","status-publish","hentry"],"yoast_head":"<!-- This site is optimized with the Yoast SEO plugin v27.5 - https:\/\/yoast.com\/product\/yoast-seo-wordpress\/ -->\r\n<title>Inici - dissinfo<\/title>\r\n<meta name=\"description\" content=\"Serveis inform\u00e0tics integrals.\" \/>\r\n<meta name=\"robots\" content=\"index, follow, max-snippet:-1, max-image-preview:large, max-video-preview:-1\" \/>\r\n<link rel=\"canonical\" href=\"https:\/\/dissinfo.com\/en\/\" \/>\r\n<meta property=\"og:locale\" content=\"en_GB\" \/>\r\n<meta property=\"og:type\" content=\"article\" \/>\r\n<meta property=\"og:title\" content=\"Inici - dissinfo\" \/>\r\n<meta property=\"og:description\" content=\"Serveis inform\u00e0tics integrals.\" \/>\r\n<meta property=\"og:url\" content=\"https:\/\/dissinfo.com\/en\/\" \/>\r\n<meta property=\"og:site_name\" content=\"dissinfo\" \/>\r\n<meta property=\"article:publisher\" content=\"https:\/\/www.facebook.com\/dissinfo.cat\/\" \/>\r\n<meta property=\"article:modified_time\" content=\"2023-09-25T07:41:42+00:00\" \/>\r\n<meta name=\"twitter:card\" content=\"summary_large_image\" \/>\r\n<meta name=\"twitter:site\" content=\"@dissinfo\" \/>\r\n<meta name=\"twitter:label1\" content=\"Estimated reading time\" \/>\n\t<meta name=\"twitter:data1\" content=\"4 minutes\" \/>\r\n<script type=\"application\/ld+json\" class=\"yoast-schema-graph\">{\"@context\":\"https:\\\/\\\/schema.org\",\"@graph\":[{\"@type\":\"WebPage\",\"@id\":\"https:\\\/\\\/dissinfo.com\\\/\",\"url\":\"https:\\\/\\\/dissinfo.com\\\/\",\"name\":\"Inici - dissinfo\",\"isPartOf\":{\"@id\":\"https:\\\/\\\/dissinfo.com\\\/#website\"},\"datePublished\":\"2019-05-10T14:40:15+00:00\",\"dateModified\":\"2023-09-25T07:41:42+00:00\",\"description\":\"Serveis inform\u00e0tics integrals.\",\"breadcrumb\":{\"@id\":\"https:\\\/\\\/dissinfo.com\\\/#breadcrumb\"},\"inLanguage\":\"en-GB\",\"potentialAction\":[{\"@type\":\"ReadAction\",\"target\":[\"https:\\\/\\\/dissinfo.com\\\/\"]}]},{\"@type\":\"BreadcrumbList\",\"@id\":\"https:\\\/\\\/dissinfo.com\\\/#breadcrumb\",\"itemListElement\":[{\"@type\":\"ListItem\",\"position\":1,\"name\":\"Inici\",\"item\":\"https:\\\/\\\/dissinfo.com\\\/\"},{\"@type\":\"ListItem\",\"position\":2,\"name\":\"Inici\"}]},{\"@type\":\"WebSite\",\"@id\":\"https:\\\/\\\/dissinfo.com\\\/#website\",\"url\":\"https:\\\/\\\/dissinfo.com\\\/\",\"name\":\"dissinfo\",\"description\":\"Serveis Inform\u00e0tics Integrals\",\"publisher\":{\"@id\":\"https:\\\/\\\/dissinfo.com\\\/#organization\"},\"potentialAction\":[{\"@type\":\"SearchAction\",\"target\":{\"@type\":\"EntryPoint\",\"urlTemplate\":\"https:\\\/\\\/dissinfo.com\\\/?s={search_term_string}\"},\"query-input\":{\"@type\":\"PropertyValueSpecification\",\"valueRequired\":true,\"valueName\":\"search_term_string\"}}],\"inLanguage\":\"en-GB\"},{\"@type\":\"Organization\",\"@id\":\"https:\\\/\\\/dissinfo.com\\\/#organization\",\"name\":\"dissinfo\",\"url\":\"https:\\\/\\\/dissinfo.com\\\/\",\"logo\":{\"@type\":\"ImageObject\",\"inLanguage\":\"en-GB\",\"@id\":\"https:\\\/\\\/dissinfo.com\\\/#\\\/schema\\\/logo\\\/image\\\/\",\"url\":\"https:\\\/\\\/dissinfo.com\\\/wp-content\\\/uploads\\\/2019\\\/10\\\/real-Logo.bmp\",\"contentUrl\":\"https:\\\/\\\/dissinfo.com\\\/wp-content\\\/uploads\\\/2019\\\/10\\\/real-Logo.bmp\",\"width\":339,\"height\":339,\"caption\":\"dissinfo\"},\"image\":{\"@id\":\"https:\\\/\\\/dissinfo.com\\\/#\\\/schema\\\/logo\\\/image\\\/\"},\"sameAs\":[\"https:\\\/\\\/www.facebook.com\\\/dissinfo.cat\\\/\",\"https:\\\/\\\/x.com\\\/dissinfo\"]}]}<\/script>\r\n<!-- \/ Yoast SEO plugin. -->","yoast_head_json":{"title":"Inici - dissinfo","description":"Serveis inform\u00e0tics integrals.","robots":{"index":"index","follow":"follow","max-snippet":"max-snippet:-1","max-image-preview":"max-image-preview:large","max-video-preview":"max-video-preview:-1"},"canonical":"https:\/\/dissinfo.com\/en\/","og_locale":"en_GB","og_type":"article","og_title":"Inici - dissinfo","og_description":"Serveis inform\u00e0tics integrals.","og_url":"https:\/\/dissinfo.com\/en\/","og_site_name":"dissinfo","article_publisher":"https:\/\/www.facebook.com\/dissinfo.cat\/","article_modified_time":"2023-09-25T07:41:42+00:00","twitter_card":"summary_large_image","twitter_site":"@dissinfo","twitter_misc":{"Estimated reading time":"4 minutes"},"schema":{"@context":"https:\/\/schema.org","@graph":[{"@type":"WebPage","@id":"https:\/\/dissinfo.com\/","url":"https:\/\/dissinfo.com\/","name":"Inici - dissinfo","isPartOf":{"@id":"https:\/\/dissinfo.com\/#website"},"datePublished":"2019-05-10T14:40:15+00:00","dateModified":"2023-09-25T07:41:42+00:00","description":"Serveis inform\u00e0tics integrals.","breadcrumb":{"@id":"https:\/\/dissinfo.com\/#breadcrumb"},"inLanguage":"en-GB","potentialAction":[{"@type":"ReadAction","target":["https:\/\/dissinfo.com\/"]}]},{"@type":"BreadcrumbList","@id":"https:\/\/dissinfo.com\/#breadcrumb","itemListElement":[{"@type":"ListItem","position":1,"name":"Inici","item":"https:\/\/dissinfo.com\/"},{"@type":"ListItem","position":2,"name":"Inici"}]},{"@type":"WebSite","@id":"https:\/\/dissinfo.com\/#website","url":"https:\/\/dissinfo.com\/","name":"dissinfo","description":"Serveis Inform\u00e0tics Integrals","publisher":{"@id":"https:\/\/dissinfo.com\/#organization"},"potentialAction":[{"@type":"SearchAction","target":{"@type":"EntryPoint","urlTemplate":"https:\/\/dissinfo.com\/?s={search_term_string}"},"query-input":{"@type":"PropertyValueSpecification","valueRequired":true,"valueName":"search_term_string"}}],"inLanguage":"en-GB"},{"@type":"Organization","@id":"https:\/\/dissinfo.com\/#organization","name":"dissinfo","url":"https:\/\/dissinfo.com\/","logo":{"@type":"ImageObject","inLanguage":"en-GB","@id":"https:\/\/dissinfo.com\/#\/schema\/logo\/image\/","url":"https:\/\/dissinfo.com\/wp-content\/uploads\/2019\/10\/real-Logo.bmp","contentUrl":"https:\/\/dissinfo.com\/wp-content\/uploads\/2019\/10\/real-Logo.bmp","width":339,"height":339,"caption":"dissinfo"},"image":{"@id":"https:\/\/dissinfo.com\/#\/schema\/logo\/image\/"},"sameAs":["https:\/\/www.facebook.com\/dissinfo.cat\/","https:\/\/x.com\/dissinfo"]}]}},"_links":{"self":[{"href":"https:\/\/dissinfo.com\/en\/wp-json\/wp\/v2\/pages\/6635","targetHints":{"allow":["GET"]}}],"collection":[{"href":"https:\/\/dissinfo.com\/en\/wp-json\/wp\/v2\/pages"}],"about":[{"href":"https:\/\/dissinfo.com\/en\/wp-json\/wp\/v2\/types\/page"}],"author":[{"embeddable":true,"href":"https:\/\/dissinfo.com\/en\/wp-json\/wp\/v2\/users\/1"}],"replies":[{"embeddable":true,"href":"https:\/\/dissinfo.com\/en\/wp-json\/wp\/v2\/comments?post=6635"}],"version-history":[{"count":14,"href":"https:\/\/dissinfo.com\/en\/wp-json\/wp\/v2\/pages\/6635\/revisions"}],"predecessor-version":[{"id":7623,"href":"https:\/\/dissinfo.com\/en\/wp-json\/wp\/v2\/pages\/6635\/revisions\/7623"}],"wp:attachment":[{"href":"https:\/\/dissinfo.com\/en\/wp-json\/wp\/v2\/media?parent=6635"}],"curies":[{"name":"wp","href":"https:\/\/api.w.org\/{rel}","templated":true}]}}